{"id":7,"date":"2023-04-05T20:21:09","date_gmt":"2023-04-05T18:21:09","guid":{"rendered":"http:\/\/gucio1846.pl\/?page_id=7"},"modified":"2024-12-06T21:32:31","modified_gmt":"2024-12-06T20:32:31","slug":"informacje","status":"publish","type":"page","link":"https:\/\/gucio1846.pl\/index.php\/informacje\/","title":{"rendered":"Informacje"},"content":{"rendered":"\n<p>Mateusz KapustaGucio1846 Pochodz\u0119 z D\u0105browy G\u00f3rniczej. Od dziecka jestem pasjonatem wszelkiego rodzaju wy\u015bcig\u00f3w, zw\u0142aszcza motocyklowych. Pisanie dawa\u0142o mi mn\u00f3stwo frajdy ju\u017c od wczesnych lat szkolnych, dlatego bez zastanowienia obra\u0142em drog\u0119 dziennikarsk\u0105. Uwielbiam zag\u0142\u0119bi\u0107 si\u0119 w \u015bwiat rozrywki elektronicznej graj\u0105c w przer\u00f3\u017cne gry, cho\u0107 przede wszystkim odpalam te wy\u015bcigowe co skutecznie po\u0142\u0105czy\u0142em z esportem. Startuj\u0119 w mistrzostwach \u015bwiata eMotoGP oraz w lidze mi\u0119dzynarodowej RGC eMotoGP. Kocham zabaw\u0119 g\u0142osem. Czytanie i dubbing sprawiaj\u0105 mi niesamowit\u0105 frajd\u0119 i stale si\u0119 w tym doskonal\u0119. W wolnych chwilach si\u0119gam po gitar\u0119 \ud83d\ude42<br><br>Partnerzy: Monster Energy, NewTec Geometria, AZCOM, Miasto D\u0105browa G\u00f3rnicza, MOTOGP.PL, \u015acigacz.pl, Drukarnia Imielski, zesp\u00f3\u0142 Kruk, The Suits, studio QUBATURA, Adrian Szymalski Fotografia<\/p>\n","protected":false},"excerpt":{"rendered":"<p>Mateusz KapustaGucio1846 Pochodz\u0119 z D\u0105browy G\u00f3rniczej. Od dziecka jestem pasjonatem wszelkiego rodzaju wy\u015bcig\u00f3w, zw\u0142aszcza motocyklowych. Pisanie dawa\u0142o mi mn\u00f3stwo frajdy ju\u017c od wczesnych lat szkolnych, dlatego bez zastanowienia obra\u0142em drog\u0119 dziennikarsk\u0105. Uwielbiam zag\u0142\u0119bi\u0107 si\u0119 w \u015bwiat rozrywki elektronicznej graj\u0105c w przer\u00f3\u017cne gry, cho\u0107 przede wszystkim odpalam te wy\u015bcigowe co skutecznie [&hellip;]<\/p>\n","protected":false},"author":1,"featured_media":0,"parent":0,"menu_order":0,"comment_status":"closed","ping_status":"closed","template":"","meta":{"footnotes":""},"class_list":["post-7","page","type-page","status-publish","hentry"],"_links":{"self":[{"href":"https:\/\/gucio1846.pl\/index.php\/wp-json\/wp\/v2\/pages\/7","targetHints":{"allow":["GET"]}}],"collection":[{"href":"https:\/\/gucio1846.pl\/index.php\/wp-json\/wp\/v2\/pages"}],"about":[{"href":"https:\/\/gucio1846.pl\/index.php\/wp-json\/wp\/v2\/types\/page"}],"author":[{"embeddable":true,"href":"https:\/\/gucio1846.pl\/index.php\/wp-json\/wp\/v2\/users\/1"}],"replies":[{"embeddable":true,"href":"https:\/\/gucio1846.pl\/index.php\/wp-json\/wp\/v2\/comments?post=7"}],"version-history":[{"count":5,"href":"https:\/\/gucio1846.pl\/index.php\/wp-json\/wp\/v2\/pages\/7\/revisions"}],"predecessor-version":[{"id":282,"href":"https:\/\/gucio1846.pl\/index.php\/wp-json\/wp\/v2\/pages\/7\/revisions\/282"}],"wp:attachment":[{"href":"https:\/\/gucio1846.pl\/index.php\/wp-json\/wp\/v2\/media?parent=7"}],"curies":[{"name":"wp","href":"https:\/\/api.w.org\/{rel}","templated":true}]}}